{"id":127,"date":"2023-11-11T13:27:57","date_gmt":"2023-11-11T12:27:57","guid":{"rendered":"https:\/\/bluecargo.bike\/?page_id=127"},"modified":"2026-01-09T11:11:30","modified_gmt":"2026-01-09T10:11:30","slug":"fahrraeder-zubehoer","status":"publish","type":"page","link":"https:\/\/bluecargo.bike\/?page_id=127","title":{"rendered":"Verkauf"},"content":{"rendered":"\t\t<div data-elementor-type=\"wp-page\" data-elementor-id=\"127\" class=\"elementor elementor-127\" data-elementor-post-type=\"page\">\n\t\t\t\t\t\t\t<div class=\"elementor-element elementor-element-bca392d e-flex e-con-boxed e-con e-parent\" data-id=\"bca392d\" data-element_type=\"container\" data-settings=\"{&quot;content_width&quot;:&quot;boxed&quot;}\" data-core-v316-plus=\"true\">\n\t\t\t\t\t<div class=\"e-con-inner\">\n\t\t\t\t<div class=\"elementor-element elementor-element-b7676a6 elementor-widget elementor-widget-heading\" data-id=\"b7676a6\" data-element_type=\"widget\" data-widget_type=\"heading.default\">\n\t\t\t\t<div class=\"elementor-widget-container\">\n\t\t\t<style>\/*! elementor - v3.17.0 - 08-11-2023 *\/\n.elementor-heading-title{padding:0;margin:0;line-height:1}.elementor-widget-heading .elementor-heading-title[class*=elementor-size-]>a{color:inherit;font-size:inherit;line-height:inherit}.elementor-widget-heading .elementor-heading-title.elementor-size-small{font-size:15px}.elementor-widget-heading .elementor-heading-title.elementor-size-medium{font-size:19px}.elementor-widget-heading .elementor-heading-title.elementor-size-large{font-size:29px}.elementor-widget-heading .elementor-heading-title.elementor-size-xl{font-size:39px}.elementor-widget-heading .elementor-heading-title.elementor-size-xxl{font-size:59px}<\/style><h2 class=\"elementor-heading-title elementor-size-default\">Verkauf<\/h2>\t\t<\/div>\n\t\t\t\t<\/div>\n\t\t\t\t<div class=\"elementor-element elementor-element-6e1ae87 elementor-widget elementor-widget-heading\" data-id=\"6e1ae87\" data-element_type=\"widget\" data-widget_type=\"heading.default\">\n\t\t\t\t<div class=\"elementor-widget-container\">\n\t\t\t<h2 class=\"elementor-heading-title elementor-size-default\">Custom Made. Bitte Termin vereinbaren.<\/h2>\t\t<\/div>\n\t\t\t\t<\/div>\n\t\t\t\t<div class=\"elementor-element elementor-element-da8f0aa elementor-widget elementor-widget-heading\" data-id=\"da8f0aa\" data-element_type=\"widget\" data-widget_type=\"heading.default\">\n\t\t\t\t<div class=\"elementor-widget-container\">\n\t\t\t<h2 class=\"elementor-heading-title elementor-size-default\">cluuv\u00ae e-cargo f\u00fcr die Familie? Eine cruisige, brandneue (!) Uni MK f\u00fcr den Utility-Einsatz im Gewerbe und Privat? Oder das supersmarte VanMoof f\u00fcr den urbanen Einsatz?<div data-elementor-type=\"wp-page\" data-elementor-id=\"127\" data-elementor-title=\"Seite\" data-elementor-post-type=\"page\"><div><div data-id=\"bca392d\" data-element_type=\"container\" data-model-cid=\"c32\" data-nesting-level=\"0\" data-core-v316-plus=\"true\"><div><div data-id=\"da8f0aa\" data-element_type=\"widget\" data-model-cid=\"c6579\" data-widget_type=\"heading.default\" draggable=\"true\"><div><h2 data-elementor-setting-key=\"title\" contenteditable=\"true\" data-pen-placeholder=\"Eingabe hier...\"><\/h2><h2 data-elementor-setting-key=\"title\" contenteditable=\"true\" data-pen-placeholder=\"Eingabe hier...\">Gern einen Testride bzw. Termin buchen, jeweils unten im Bild.<\/h2><\/div><\/div><\/div><\/div><\/div><\/div><\/h2>\t\t<\/div>\n\t\t\t\t<\/div>\n\t\t\t\t<div class=\"elementor-element elementor-element-1d9598c elementor--h-position-center elementor--v-position-middle elementor-arrows-position-inside elementor-pagination-position-inside elementor-widget elementor-widget-slides\" data-id=\"1d9598c\" data-element_type=\"widget\" data-settings=\"{&quot;navigation&quot;:&quot;both&quot;,&quot;autoplay&quot;:&quot;yes&quot;,&quot;pause_on_hover&quot;:&quot;yes&quot;,&quot;pause_on_interaction&quot;:&quot;yes&quot;,&quot;autoplay_speed&quot;:5000,&quot;infinite&quot;:&quot;yes&quot;,&quot;transition&quot;:&quot;slide&quot;,&quot;transition_speed&quot;:500}\" data-widget_type=\"slides.default\">\n\t\t\t\t<div class=\"elementor-widget-container\">\n\t\t\t<style>\/*! elementor-pro - v3.17.0 - 01-11-2023 *\/\n.elementor-slides .swiper-slide-bg{background-size:cover;background-position:50%;background-repeat:no-repeat;min-width:100%;min-height:100%}.elementor-slides .swiper-slide-inner{background-repeat:no-repeat;background-position:50%;position:absolute;top:0;left:0;bottom:0;right:0;padding:50px;margin:auto}.elementor-slides .swiper-slide-inner,.elementor-slides .swiper-slide-inner:hover{color:#fff;display:flex}.elementor-slides .swiper-slide-inner .elementor-background-overlay{position:absolute;z-index:0;top:0;bottom:0;left:0;right:0}.elementor-slides .swiper-slide-inner .elementor-slide-content{position:relative;z-index:1;width:100%}.elementor-slides .swiper-slide-inner .elementor-slide-heading{font-size:35px;font-weight:700;line-height:1}.elementor-slides .swiper-slide-inner .elementor-slide-description{font-size:17px;line-height:1.4}.elementor-slides .swiper-slide-inner .elementor-slide-description:not(:last-child),.elementor-slides .swiper-slide-inner .elementor-slide-heading:not(:last-child){margin-bottom:30px}.elementor-slides .swiper-slide-inner .elementor-slide-button{border:2px solid #fff;color:#fff;background:transparent;display:inline-block}.elementor-slides .swiper-slide-inner .elementor-slide-button,.elementor-slides .swiper-slide-inner .elementor-slide-button:hover{background:transparent;color:inherit;text-decoration:none}.elementor--v-position-top .swiper-slide-inner{align-items:flex-start}.elementor--v-position-bottom .swiper-slide-inner{align-items:flex-end}.elementor--v-position-middle .swiper-slide-inner{align-items:center}.elementor--h-position-left .swiper-slide-inner{justify-content:flex-start}.elementor--h-position-right .swiper-slide-inner{justify-content:flex-end}.elementor--h-position-center .swiper-slide-inner{justify-content:center}body.rtl .elementor-widget-slides .elementor-swiper-button-next{left:10px;right:auto}body.rtl .elementor-widget-slides .elementor-swiper-button-prev{right:10px;left:auto}.elementor-slides-wrapper div:not(.swiper-slide)>.swiper-slide-inner{display:none}@media (max-width:767px){.elementor-slides .swiper-slide-inner{padding:30px}.elementor-slides .swiper-slide-inner .elementor-slide-heading{font-size:23px;line-height:1;margin-bottom:15px}.elementor-slides .swiper-slide-inner .elementor-slide-description{font-size:13px;line-height:1.4;margin-bottom:15px}}<\/style>\t\t<div class=\"elementor-swiper\">\n\t\t\t<div class=\"elementor-slides-wrapper elementor-main-swiper swiper\" dir=\"ltr\" data-animation=\"fadeInUp\">\n\t\t\t\t<div class=\"swiper-wrapper elementor-slides\">\n\t\t\t\t\t\t\t\t\t\t<div class=\"elementor-repeater-item-f722bc7 swiper-slide\"><div class=\"swiper-slide-bg\" role=\"img\"><\/div><div class=\"elementor-background-overlay\"><\/div><a class=\"swiper-slide-inner\" href=\"https:\/\/calendly.com\/bluecargo-termin\/dliwr-pulse-testride\" target=\"_blank\"><div class=\"swiper-slide-contents\"><div class=\"elementor-slide-heading\">cluuv\u00ae e-cargo<\/div><div class=\"elementor-slide-description\">Kompromisslose Premium-Qualit\u00e4t, ergonomische Kindertransportl\u00f6sungen und maximale Flexibilit\u00e4t f\u00fcr Familien und Unternehmen.<\/div><div  class=\"elementor-button elementor-slide-button elementor-size-sm\">Testfahrt buchen<\/div><\/div><\/a><\/div><div class=\"elementor-repeater-item-c0e35c0 swiper-slide\"><div class=\"swiper-slide-bg\" role=\"img\"><\/div><div class=\"elementor-background-overlay\"><\/div><a class=\"swiper-slide-inner\" href=\"https:\/\/calendly.com\/bluecargo-termin\/dliwr-pulse-testride\" target=\"_blank\"><div class=\"swiper-slide-contents\"><div class=\"elementor-slide-heading\">VanMoof S5 und A5<\/div><div class=\"elementor-slide-description\">Nahtloses Design mit cleveren Stadtfunktionen.<\/div><div  class=\"elementor-button elementor-slide-button elementor-size-sm\">Book Testride<\/div><\/div><\/a><\/div><div class=\"elementor-repeater-item-4479265 swiper-slide\"><div class=\"swiper-slide-bg\" role=\"img\"><\/div><div class=\"elementor-background-overlay\"><\/div><a class=\"swiper-slide-inner\" href=\"https:\/\/calendly.com\/bluecargo-termin\/dliwr-pulse-testride\" target=\"_blank\"><div class=\"swiper-slide-contents\"><div class=\"elementor-slide-heading\">Urban Bike Tech - Uni MK<\/div><div class=\"elementor-slide-description\">Urban Drivestyle lebt weiter. Als Urban Bike Tech. Made in Berlin. Urban Bike Tech baut fertig, was Urban Drivestyle da gelassen hat. Und legt noch einen drauf. Eine satte Vier-Kolben-Bremsanlage von Magura, Schutzbleche, die passen, sorgf\u00e4ltige Leitungsf\u00fchrung. Neue Details zum bew\u00e4hrten Bike.<\/div><div  class=\"elementor-button elementor-slide-button elementor-size-sm\">Testfahrt buchen<\/div><\/div><\/a><\/div><div class=\"elementor-repeater-item-911860b swiper-slide\"><div class=\"swiper-slide-bg\" role=\"img\"><\/div><a class=\"swiper-slide-inner\" href=\"https:\/\/calendly.com\/bluecargo-termin\/dliwr-pulse-testride\"><div class=\"swiper-slide-contents\"><div class=\"elementor-slide-heading\">VanMoof S6-Serie - ab August<\/div><div class=\"elementor-slide-description\">Laut VanMoof das \"ultimative E-Bike\": das S6 und S6 Open. Wir sagen: ja. Modern, nochmal durchdachter. In drei neue Farben. Aber auch keine technischen Quantenspr\u00fcnge zum S5 und A5. Jetzt vorbestellbar, Auslieferung ab August.<\/div><div  class=\"elementor-button elementor-slide-button elementor-size-sm\">Testfahrt buchen<\/div><\/div><\/a><\/div><div class=\"elementor-repeater-item-7286669 swiper-slide\"><div class=\"swiper-slide-bg\" role=\"img\"><\/div><div class=\"elementor-background-overlay\"><\/div><a class=\"swiper-slide-inner\" href=\"mailto:info@bluecargo.bike?subject=Ich%20interessiere%20mich%20f\u00fcr%20ein%20Custom%20Made%20Bike&#038;body=Hallo%20Blue%20Cargo,%20ich%20m\u00f6chte%20gern%20mein%20ganz%20idividuelles%20Custom%20Bike%20haben.%20Bitte%20ruft%20mich%20an%20f\u00fcr%20eine%20Terminvereinbarung.%20Meine%20Rufnummer%20ist:\"><div class=\"swiper-slide-contents\"><div class=\"elementor-slide-heading\">Custom Made<\/div><div class=\"elementor-slide-description\">Ein Custom Bike braucht Zeit. Die nehmen wir uns. Von der ersten Idee bis zur Endmontage. Bitte schreibe uns eine Email mit Deinen W\u00fcnschen und Vorstellungen und gib eine Rufnummer an. Wir melden uns bei Dir.<\/div><div  class=\"elementor-button elementor-slide-button elementor-size-sm\">Hier klicken<\/div><\/div><\/a><\/div>\t\t\t\t<\/div>\n\t\t\t\t\t\t\t\t\t\t\t\t\t\t\t<div class=\"swiper-pagination\"><\/div>\n\t\t\t\t\t\t\t\t\t\t\t\t\t\t\t\t<div class=\"elementor-swiper-button elementor-swiper-button-prev\" role=\"button\" tabindex=\"0\">\n\t\t\t\t\t\t\t<i aria-hidden=\"true\" class=\"eicon-chevron-left\"><\/i>\t\t\t\t\t\t\t<span class=\"elementor-screen-only\">Previous slide<\/span>\n\t\t\t\t\t\t<\/div>\n\t\t\t\t\t\t<div class=\"elementor-swiper-button elementor-swiper-button-next\" role=\"button\" tabindex=\"0\">\n\t\t\t\t\t\t\t<i aria-hidden=\"true\" class=\"eicon-chevron-right\"><\/i>\t\t\t\t\t\t\t<span class=\"elementor-screen-only\">Next slide<\/span>\n\t\t\t\t\t\t<\/div>\n\t\t\t\t\t\t\t\t\t\t\t\t<\/div>\n\t\t<\/div>\n\t\t\t\t<\/div>\n\t\t\t\t<\/div>\n\t\t\t\t\t<\/div>\n\t\t\t\t<\/div>\n\t\t\t\t\t\t\t<\/div>\n\t\t","protected":false},"excerpt":{"rendered":"<p>Verkauf Custom Made. Bitte Termin vereinbaren. cluuv\u00ae e-cargo f\u00fcr die Familie? Eine cruisige, brandneue (!) Uni MK f\u00fcr den Utility-Einsatz im Gewerbe und Privat? Oder das supersmarte VanMoof f\u00fcr den urbanen Einsatz? Gern einen Testride bzw. Termin buchen, jeweils unten im Bild. cluuv\u00ae e-cargoKompromisslose Premium-Qualit\u00e4t, ergonomische Kindertransportl\u00f6sungen und maximale Flexibilit\u00e4t f\u00fcr Familien und Unternehmen.Testfahrt buchenVanMoof [&hellip;]<\/p>\n","protected":false},"author":1,"featured_media":0,"parent":0,"menu_order":0,"comment_status":"closed","ping_status":"closed","template":"elementor_header_footer","meta":{"footnotes":""},"class_list":["post-127","page","type-page","status-publish","hentry"],"_links":{"self":[{"href":"https:\/\/bluecargo.bike\/index.php?rest_route=\/wp\/v2\/pages\/127","targetHints":{"allow":["GET"]}}],"collection":[{"href":"https:\/\/bluecargo.bike\/index.php?rest_route=\/wp\/v2\/pages"}],"about":[{"href":"https:\/\/bluecargo.bike\/index.php?rest_route=\/wp\/v2\/types\/page"}],"author":[{"embeddable":true,"href":"https:\/\/bluecargo.bike\/index.php?rest_route=\/wp\/v2\/users\/1"}],"replies":[{"embeddable":true,"href":"https:\/\/bluecargo.bike\/index.php?rest_route=%2Fwp%2Fv2%2Fcomments&post=127"}],"version-history":[{"count":50,"href":"https:\/\/bluecargo.bike\/index.php?rest_route=\/wp\/v2\/pages\/127\/revisions"}],"predecessor-version":[{"id":890,"href":"https:\/\/bluecargo.bike\/index.php?rest_route=\/wp\/v2\/pages\/127\/revisions\/890"}],"wp:attachment":[{"href":"https:\/\/bluecargo.bike\/index.php?rest_route=%2Fwp%2Fv2%2Fmedia&parent=127"}],"curies":[{"name":"wp","href":"https:\/\/api.w.org\/{rel}","templated":true}]}}