{"id":739,"date":"2025-12-11T20:26:39","date_gmt":"2025-12-11T19:26:39","guid":{"rendered":"https:\/\/bluecargo.bike\/?page_id=739"},"modified":"2026-01-12T15:19:31","modified_gmt":"2026-01-12T14:19:31","slug":"vanmoof","status":"publish","type":"page","link":"https:\/\/bluecargo.bike\/?page_id=739","title":{"rendered":"VANMOOF"},"content":{"rendered":"\t\t<div data-elementor-type=\"wp-page\" data-elementor-id=\"739\" class=\"elementor elementor-739\" data-elementor-post-type=\"page\">\n\t\t\t\t\t\t\t<div class=\"elementor-element elementor-element-a10a56f e-flex e-con-boxed e-con e-parent\" data-id=\"a10a56f\" data-element_type=\"container\" data-settings=\"{&quot;content_width&quot;:&quot;boxed&quot;}\" data-core-v316-plus=\"true\">\n\t\t\t\t\t<div class=\"e-con-inner\">\n\t\t\t\t<div class=\"elementor-element elementor-element-71e94bd elementor-widget elementor-widget-heading\" data-id=\"71e94bd\" data-element_type=\"widget\" data-widget_type=\"heading.default\">\n\t\t\t\t<div class=\"elementor-widget-container\">\n\t\t\t<style>\/*! elementor - v3.17.0 - 08-11-2023 *\/\n.elementor-heading-title{padding:0;margin:0;line-height:1}.elementor-widget-heading .elementor-heading-title[class*=elementor-size-]>a{color:inherit;font-size:inherit;line-height:inherit}.elementor-widget-heading .elementor-heading-title.elementor-size-small{font-size:15px}.elementor-widget-heading .elementor-heading-title.elementor-size-medium{font-size:19px}.elementor-widget-heading .elementor-heading-title.elementor-size-large{font-size:29px}.elementor-widget-heading .elementor-heading-title.elementor-size-xl{font-size:39px}.elementor-widget-heading .elementor-heading-title.elementor-size-xxl{font-size:59px}<\/style><h2 class=\"elementor-heading-title elementor-size-default\">VANMOOF Service und Sales partner in Berlin<\/h2>\t\t<\/div>\n\t\t\t\t<\/div>\n\t\t\t\t\t<\/div>\n\t\t\t\t<\/div>\n\t\t<div class=\"elementor-element elementor-element-18b88fb e-flex e-con-boxed e-con e-parent\" data-id=\"18b88fb\" data-element_type=\"container\" data-settings=\"{&quot;content_width&quot;:&quot;boxed&quot;}\" data-core-v316-plus=\"true\">\n\t\t\t\t\t<div class=\"e-con-inner\">\n\t\t<div class=\"elementor-element elementor-element-8230ad0 e-con-full e-flex e-con e-child\" data-id=\"8230ad0\" data-element_type=\"container\" data-settings=\"{&quot;content_width&quot;:&quot;full&quot;}\">\n\t\t\t\t<div class=\"elementor-element elementor-element-8a2f3ad elementor-widget elementor-widget-video\" data-id=\"8a2f3ad\" data-element_type=\"widget\" data-settings=\"{&quot;video_type&quot;:&quot;hosted&quot;,&quot;autoplay&quot;:&quot;yes&quot;,&quot;play_on_mobile&quot;:&quot;yes&quot;,&quot;mute&quot;:&quot;yes&quot;,&quot;controls&quot;:&quot;yes&quot;}\" data-widget_type=\"video.default\">\n\t\t\t\t<div class=\"elementor-widget-container\">\n\t\t\t<style>\/*! elementor - v3.17.0 - 08-11-2023 *\/\n.elementor-widget-video .elementor-widget-container{overflow:hidden;transform:translateZ(0)}.elementor-widget-video .elementor-wrapper{aspect-ratio:var(--video-aspect-ratio)}.elementor-widget-video .elementor-wrapper iframe,.elementor-widget-video .elementor-wrapper video{height:100%;width:100%;display:flex;border:none;background-color:#000}@supports not (aspect-ratio:1\/1){.elementor-widget-video .elementor-wrapper{position:relative;overflow:hidden;height:0;padding-bottom:calc(100% \/ var(--video-aspect-ratio))}.elementor-widget-video .elementor-wrapper iframe,.elementor-widget-video .elementor-wrapper video{position:absolute;top:0;right:0;bottom:0;left:0}}.elementor-widget-video .elementor-open-inline .elementor-custom-embed-image-overlay{position:absolute;top:0;right:0;bottom:0;left:0;background-size:cover;background-position:50%}.elementor-widget-video .elementor-custom-embed-image-overlay{cursor:pointer;text-align:center}.elementor-widget-video .elementor-custom-embed-image-overlay:hover .elementor-custom-embed-play i{opacity:1}.elementor-widget-video .elementor-custom-embed-image-overlay img{display:block;width:100%;aspect-ratio:var(--video-aspect-ratio);-o-object-fit:cover;object-fit:cover;-o-object-position:center center;object-position:center center}@supports not (aspect-ratio:1\/1){.elementor-widget-video .elementor-custom-embed-image-overlay{position:relative;overflow:hidden;height:0;padding-bottom:calc(100% \/ var(--video-aspect-ratio))}.elementor-widget-video .elementor-custom-embed-image-overlay img{position:absolute;top:0;right:0;bottom:0;left:0}}.elementor-widget-video .e-hosted-video .elementor-video{-o-object-fit:cover;object-fit:cover}.e-con-inner>.elementor-widget-video,.e-con>.elementor-widget-video{width:var(--container-widget-width);--flex-grow:var(--container-widget-flex-grow)}<\/style>\t\t<div class=\"e-hosted-video elementor-wrapper elementor-open-inline\">\n\t\t\t\t\t<video class=\"elementor-video\" src=\"https:\/\/bluecargo.bike\/wp-content\/uploads\/2025\/12\/Klip-Video-2025-12-11-0706pm.mp4\" autoplay=\"\" controls=\"\" muted=\"muted\" playsinline=\"\" controlsList=\"nodownload\"><\/video>\n\t\t\t\t<\/div>\n\t\t\t\t<\/div>\n\t\t\t\t<\/div>\n\t\t\t\t<\/div>\n\t\t<div class=\"elementor-element elementor-element-8cb74dd e-con-full e-flex e-con e-child\" data-id=\"8cb74dd\" data-element_type=\"container\" data-settings=\"{&quot;content_width&quot;:&quot;full&quot;}\">\n\t\t\t\t<div class=\"elementor-element elementor-element-538ac8e elementor-widget elementor-widget-heading\" data-id=\"538ac8e\" data-element_type=\"widget\" data-widget_type=\"heading.default\">\n\t\t\t\t<div class=\"elementor-widget-container\">\n\t\t\t<h2 class=\"elementor-heading-title elementor-size-large\">Wir lieben Vanmoof.<\/h2>\t\t<\/div>\n\t\t\t\t<\/div>\n\t\t\t\t<div class=\"elementor-element elementor-element-1c2735c elementor-widget elementor-widget-text-editor\" data-id=\"1c2735c\" data-element_type=\"widget\" data-widget_type=\"text-editor.default\">\n\t\t\t\t<div class=\"elementor-widget-container\">\n\t\t\t<style>\/*! elementor - v3.17.0 - 08-11-2023 *\/\n.elementor-widget-text-editor.elementor-drop-cap-view-stacked .elementor-drop-cap{background-color:#69727d;color:#fff}.elementor-widget-text-editor.elementor-drop-cap-view-framed .elementor-drop-cap{color:#69727d;border:3px solid;background-color:transparent}.elementor-widget-text-editor:not(.elementor-drop-cap-view-default) .elementor-drop-cap{margin-top:8px}.elementor-widget-text-editor:not(.elementor-drop-cap-view-default) .elementor-drop-cap-letter{width:1em;height:1em}.elementor-widget-text-editor .elementor-drop-cap{float:left;text-align:center;line-height:1;font-size:50px}.elementor-widget-text-editor .elementor-drop-cap-letter{display:inline-block}<\/style>\t\t\t\t<div class=\"prose dark:prose-invert inline leading-relaxed break-words min-w-0 [word-break:break-word] prose-strong:font-medium [&amp;_&gt;*:first-child]:mt-0\">\n<p class=\"my-2 [&amp;+p]:mt-4 [&amp;_strong:has(+br)]:inline-block [&amp;_strong:has(+br)]:pb-2\">Als offizielle VanMoof\u2011Partnerwerkstatt unterst\u00fctzen wir dich bei allem rund um dein VanMoof E\u2011Bike.<\/p>\n<p class=\"my-2 [&amp;+p]:mt-4 [&amp;_strong:has(+br)]:inline-block [&amp;_strong:has(+br)]:pb-2\">Egal, ob du ein neues VanMoof kaufen m\u00f6chtest oder das Bike, das du bereits f\u00e4hrst, warten, reparieren oder individualisieren willst \u2013 unser Team ist f\u00fcr dich da.<\/p>\n<\/div>\t\t\t\t\t\t<\/div>\n\t\t\t\t<\/div>\n\t\t\t\t<div class=\"elementor-element elementor-element-e41bc4b elementor-widget elementor-widget-heading\" data-id=\"e41bc4b\" data-element_type=\"widget\" data-widget_type=\"heading.default\">\n\t\t\t\t<div class=\"elementor-widget-container\">\n\t\t\t<h2 class=\"elementor-heading-title elementor-size-large\">Wir k\u00f6nnen dir helfen.<\/h2>\t\t<\/div>\n\t\t\t\t<\/div>\n\t\t\t\t<\/div>\n\t\t\t\t\t<\/div>\n\t\t\t\t<\/div>\n\t\t<div class=\"elementor-element elementor-element-f6adc50 e-flex e-con-boxed e-con e-parent\" data-id=\"f6adc50\" data-element_type=\"container\" data-settings=\"{&quot;content_width&quot;:&quot;boxed&quot;}\" data-core-v316-plus=\"true\">\n\t\t\t\t\t<div class=\"e-con-inner\">\n\t\t<div class=\"elementor-element elementor-element-05be216 e-con-full e-flex e-con e-child\" data-id=\"05be216\" data-element_type=\"container\" data-settings=\"{&quot;content_width&quot;:&quot;full&quot;}\">\n\t\t\t\t<div class=\"elementor-element elementor-element-fdea69e elementor-widget elementor-widget-heading\" data-id=\"fdea69e\" data-element_type=\"widget\" data-widget_type=\"heading.default\">\n\t\t\t\t<div class=\"elementor-widget-container\">\n\t\t\t<h2 class=\"elementor-heading-title elementor-size-large\">Verkauf<\/h2>\t\t<\/div>\n\t\t\t\t<\/div>\n\t\t\t\t<div class=\"elementor-element elementor-element-1e1ba67 elementor-widget elementor-widget-text-editor\" data-id=\"1e1ba67\" data-element_type=\"widget\" data-widget_type=\"text-editor.default\">\n\t\t\t\t<div class=\"elementor-widget-container\">\n\t\t\t\t\t\t\t<div class=\"prose dark:prose-invert inline leading-relaxed break-words min-w-0 [word-break:break-word] prose-strong:font-medium [&amp;_&gt;*:first-child]:mt-0\">\n<p class=\"my-2 [&amp;+p]:mt-4 [&amp;_strong:has(+br)]:inline-block [&amp;_strong:has(+br)]:pb-2\">Wenn du \u00fcberlegst, ein neues VanMoof E\u2011Bike zu kaufen, ruf uns an!<\/p>\n<p class=\"my-2 [&amp;+p]:mt-4 [&amp;_strong:has(+br)]:inline-block [&amp;_strong:has(+br)]:pb-2\">Unsere VanMoof\u2011Expert:innen helfen dir, das passende Modell zu finden, erkl\u00e4ren dir wichtige Funktionen wie Motorunterst\u00fctzung, Reichweite und smarte Konnektivit\u00e4t und beantworten alle deine Fragen vor dem Kauf.<\/p>\n<p class=\"my-2 [&amp;+p]:mt-4 [&amp;_strong:has(+br)]:inline-block [&amp;_strong:has(+br)]:pb-2\">Als offizielle VanMoof\u2011Partnerwerkstatt verbinden wir ehrliche Beratung mit professionellem Service, damit du dein neues VanMoof vom ersten Tag an genie\u00dfen kannst \u2013 und dich sp\u00e4ter auf schnelle Unterst\u00fctzung verlassen kannst.<\/p>\n<\/div>\t\t\t\t\t\t<\/div>\n\t\t\t\t<\/div>\n\t\t\t\t<div class=\"elementor-element elementor-element-1822878 elementor-widget elementor-widget-image\" data-id=\"1822878\" data-element_type=\"widget\" data-widget_type=\"image.default\">\n\t\t\t\t<div class=\"elementor-widget-container\">\n\t\t\t<style>\/*! elementor - v3.17.0 - 08-11-2023 *\/\n.elementor-widget-image{text-align:center}.elementor-widget-image a{display:inline-block}.elementor-widget-image a img[src$=\".svg\"]{width:48px}.elementor-widget-image img{vertical-align:middle;display:inline-block}<\/style>\t\t\t\t\t\t\t\t\t\t\t\t<img fetchpriority=\"high\" decoding=\"async\" width=\"800\" height=\"498\" src=\"https:\/\/bluecargo.bike\/wp-content\/uploads\/2025\/12\/Pasted-image-1024x638.png\" class=\"attachment-large size-large wp-image-747\" alt=\"\" srcset=\"https:\/\/bluecargo.bike\/wp-content\/uploads\/2025\/12\/Pasted-image-1024x638.png 1024w, https:\/\/bluecargo.bike\/wp-content\/uploads\/2025\/12\/Pasted-image-300x187.png 300w, https:\/\/bluecargo.bike\/wp-content\/uploads\/2025\/12\/Pasted-image-768x478.png 768w, https:\/\/bluecargo.bike\/wp-content\/uploads\/2025\/12\/Pasted-image.png 1092w\" sizes=\"(max-width: 800px) 100vw, 800px\" \/>\t\t\t\t\t\t\t\t\t\t\t\t\t\t\t<\/div>\n\t\t\t\t<\/div>\n\t\t\t\t<\/div>\n\t\t<div class=\"elementor-element elementor-element-9203e77 e-con-full e-flex e-con e-child\" data-id=\"9203e77\" data-element_type=\"container\" data-settings=\"{&quot;content_width&quot;:&quot;full&quot;}\">\n\t\t\t\t<div class=\"elementor-element elementor-element-719902b elementor-widget elementor-widget-heading\" data-id=\"719902b\" data-element_type=\"widget\" data-widget_type=\"heading.default\">\n\t\t\t\t<div class=\"elementor-widget-container\">\n\t\t\t<h2 class=\"elementor-heading-title elementor-size-large\">Service und reparatur<\/h2>\t\t<\/div>\n\t\t\t\t<\/div>\n\t\t\t\t<div class=\"elementor-element elementor-element-e9987b7 elementor-widget elementor-widget-text-editor\" data-id=\"e9987b7\" data-element_type=\"widget\" data-widget_type=\"text-editor.default\">\n\t\t\t\t<div class=\"elementor-widget-container\">\n\t\t\t\t\t\t\t<div class=\"prose dark:prose-invert inline leading-relaxed break-words min-w-0 [word-break:break-word] prose-strong:font-medium [&amp;_&gt;*:first-child]:mt-0\"><p class=\"my-2 [&amp;+p]:mt-4 [&amp;_strong:has(+br)]:inline-block [&amp;_strong:has(+br)]:pb-2\"><strong>Wir halten dein VanMoof am Laufen.<\/strong><\/p><p class=\"my-2 [&amp;+p]:mt-4 [&amp;_strong:has(+br)]:inline-block [&amp;_strong:has(+br)]:pb-2\">In den letzten Monaten haben wir unz\u00e4hlige Stunden in die Wartung und Instandhaltung von VanMoof\u2011Bikes investiert. Unser Team hat gepr\u00fcft, getestet, nachgestellt und ja \u2013 manchmal auch daneben gelegen und neu angefangen \u2013, nur um diese R\u00e4der bis ins letzte Detail zu verstehen.<\/p><p class=\"my-2 [&amp;+p]:mt-4 [&amp;_strong:has(+br)]:inline-block [&amp;_strong:has(+br)]:pb-2\">Heute verbinden wir dieses tiefgehende VanMoof\u2011Know-how mit einem starken Netzwerk an spezialisierten Partnern, damit jedes VanMoof genau die Pflege bekommt, die es braucht, um sicher auf der Stra\u00dfe zu bleiben.<\/p><p class=\"my-2 [&amp;+p]:mt-4 [&amp;_strong:has(+br)]:inline-block [&amp;_strong:has(+br)]:pb-2\"><strong>Was wir auf jeden Fall warten k\u00f6nnen<\/strong><\/p><p class=\"my-2 [&amp;+p]:mt-4 [&amp;_strong:has(+br)]:inline-block [&amp;_strong:has(+br)]:pb-2\">Aktuell bieten wir vollst\u00e4ndigen Service und Wartung f\u00fcr folgende VanMoof\u2011Modelle an: <strong>S3, X3, S5, A5, S6 und S6 Open.<\/strong><\/p><p class=\"my-2 [&amp;+p]:mt-4 [&amp;_strong:has(+br)]:inline-block [&amp;_strong:has(+br)]:pb-2\">Bei \u00e4lteren R\u00e4dern wie dem <strong>S1, S2<\/strong> und <strong>X2<\/strong> schauen wir uns diese weiterhin gerne an und versuchen zu helfen. Da jedoch keine neuen Ersatzteile mehr produziert werden, k\u00f6nnen wir keine vollst\u00e4ndige L\u00f6sung garantieren. Was wir dir zusichern k\u00f6nnen: Wir denken kreativ, suchen nach Alternativen und tun alles wirtschaftlich Sinnvolle, um dein VanMoof fahrbereit zu halten.<\/p><\/div>\t\t\t\t\t\t<\/div>\n\t\t\t\t<\/div>\n\t\t\t\t<\/div>\n\t\t\t\t\t<\/div>\n\t\t\t\t<\/div>\n\t\t\t\t\t\t\t<\/div>\n\t\t","protected":false},"excerpt":{"rendered":"<p>VANMOOF Service und Sales partner in Berlin https:\/\/bluecargo.bike\/wp-content\/uploads\/2025\/12\/Klip-Video-2025-12-11-0706pm.mp4 Wir lieben Vanmoof. Als offizielle VanMoof\u2011Partnerwerkstatt unterst\u00fctzen wir dich bei allem rund um dein VanMoof E\u2011Bike. Egal, ob du ein neues VanMoof kaufen m\u00f6chtest oder das Bike, das du bereits f\u00e4hrst, warten, reparieren oder individualisieren willst \u2013 unser Team ist f\u00fcr dich da. Wir k\u00f6nnen dir helfen. [&hellip;]<\/p>\n","protected":false},"author":3,"featured_media":0,"parent":0,"menu_order":0,"comment_status":"closed","ping_status":"closed","template":"","meta":{"footnotes":""},"class_list":["post-739","page","type-page","status-publish","hentry"],"_links":{"self":[{"href":"https:\/\/bluecargo.bike\/index.php?rest_route=\/wp\/v2\/pages\/739","targetHints":{"allow":["GET"]}}],"collection":[{"href":"https:\/\/bluecargo.bike\/index.php?rest_route=\/wp\/v2\/pages"}],"about":[{"href":"https:\/\/bluecargo.bike\/index.php?rest_route=\/wp\/v2\/types\/page"}],"author":[{"embeddable":true,"href":"https:\/\/bluecargo.bike\/index.php?rest_route=\/wp\/v2\/users\/3"}],"replies":[{"embeddable":true,"href":"https:\/\/bluecargo.bike\/index.php?rest_route=%2Fwp%2Fv2%2Fcomments&post=739"}],"version-history":[{"count":22,"href":"https:\/\/bluecargo.bike\/index.php?rest_route=\/wp\/v2\/pages\/739\/revisions"}],"predecessor-version":[{"id":947,"href":"https:\/\/bluecargo.bike\/index.php?rest_route=\/wp\/v2\/pages\/739\/revisions\/947"}],"wp:attachment":[{"href":"https:\/\/bluecargo.bike\/index.php?rest_route=%2Fwp%2Fv2%2Fmedia&parent=739"}],"curies":[{"name":"wp","href":"https:\/\/api.w.org\/{rel}","templated":true}]}}